{"id":16,"date":"2019-10-10T17:31:20","date_gmt":"2019-10-10T17:31:20","guid":{"rendered":"https:\/\/szeffesztival.hu\/?page_id=16"},"modified":"2024-07-03T17:28:49","modified_gmt":"2024-07-03T16:28:49","slug":"about","status":"publish","type":"page","link":"https:\/\/szeffesztival.hu\/en\/about\/","title":{"rendered":"About us"},"content":{"rendered":"<p><div class=\"fusion-fullwidth fullwidth-box fusion-builder-row-1 fusion-flex-container nonhundred-percent-fullwidth non-hundred-percent-height-scrolling\" style=\"--awb-border-radius-top-left:0px;--awb-border-radius-top-right:0px;--awb-border-radius-bottom-right:0px;--awb-border-radius-bottom-left:0px;--awb-padding-top:60px;--awb-padding-bottom:0%;--awb-padding-top-small:20px;--awb-margin-bottom:0px;--awb-flex-wrap:wrap;\" ><div class=\"fusion-builder-row fusion-row fusion-flex-align-items-flex-start fusion-flex-content-wrap\" style=\"max-width:1216.8px;margin-left: calc(-4% \/ 2 );margin-right: calc(-4% \/ 2 );\"><div class=\"fusion-layout-column fusion_builder_column fusion-builder-column-0 fusion_builder_column_1_2 1_2 fusion-flex-column\" style=\"--awb-bg-size:cover;--awb-width-large:50%;--awb-margin-top-large:20px;--awb-spacing-right-large:3.84%;--awb-margin-bottom-large:20px;--awb-spacing-left-large:3.84%;--awb-width-medium:100%;--awb-spacing-right-medium:1.92%;--awb-spacing-left-medium:1.92%;--awb-width-small:100%;--awb-spacing-right-small:1.92%;--awb-spacing-left-small:1.92%;\"><div class=\"fusion-column-wrapper fusion-column-has-shadow fusion-flex-justify-content-flex-start fusion-content-layout-column\"><div class=\"fusion-text fusion-text-1\" style=\"--awb-font-size:13px;--awb-line-height:16px;--awb-letter-spacing:4px;--awb-text-transform:var(--awb-typography5-text-transform);--awb-text-font-family:var(--awb-typography5-font-family);--awb-text-font-weight:var(--awb-typography5-font-weight);--awb-text-font-style:var(--awb-typography5-font-style);\"><p>How?<\/p>\n<\/div><div class=\"fusion-title title fusion-title-1 fusion-sep-none fusion-title-text fusion-title-size-two\" style=\"--awb-margin-top:10px;--awb-margin-bottom:40px;--awb-font-size:2.2em;\"><h2 class=\"fusion-title-heading title-heading-left fusion-responsive-typography-calculated\" style=\"margin:0;font-size:1em;--fontSize:39.6;line-height:1.3;\">We could not express our vision better, which we will implement at the SZ\u00c9F Folk Festival starting in 2021.<\/h2><\/div><div class=\"fusion-social-links fusion-social-links-1\" style=\"--awb-margin-top:0px;--awb-margin-right:0px;--awb-margin-bottom:0px;--awb-margin-left:0px;--awb-box-border-top:0px;--awb-box-border-right:0px;--awb-box-border-bottom:0px;--awb-box-border-left:0px;--awb-icon-colors-hover:rgba(255,255,255,0.8);--awb-box-colors-hover:rgba(255,255,255,0);--awb-box-border-color:var(--awb-color3);--awb-box-border-color-hover:var(--awb-color4);\"><div class=\"fusion-social-networks boxed-icons color-type-custom\"><div class=\"fusion-social-networks-wrapper\"><a class=\"fusion-social-network-icon fusion-tooltip fusion-facebook awb-icon-facebook\" style=\"color:var(--awb-color1);font-size:18px;width:18px;background-color:rgba(255,255,255,0);border-color:rgba(255,255,255,0);border-radius:20px;\" data-placement=\"top\" data-title=\"Facebook\" data-toggle=\"tooltip\" title=\"Facebook\" aria-label=\"facebook\" target=\"_blank\" rel=\"noopener noreferrer\" href=\"https:\/\/www.facebook.com\/szefesztival\"><\/a><\/div><\/div><\/div><\/div><\/div><div class=\"fusion-layout-column fusion_builder_column fusion-builder-column-1 fusion_builder_column_1_2 1_2 fusion-flex-column\" style=\"--awb-bg-size:cover;--awb-width-large:50%;--awb-margin-top-large:20px;--awb-spacing-right-large:3.84%;--awb-margin-bottom-large:10px;--awb-spacing-left-large:3.84%;--awb-width-medium:100%;--awb-spacing-right-medium:1.92%;--awb-spacing-left-medium:1.92%;--awb-width-small:100%;--awb-spacing-right-small:1.92%;--awb-spacing-left-small:1.92%;\"><div class=\"fusion-column-wrapper fusion-column-has-shadow fusion-flex-justify-content-flex-start fusion-content-layout-column\"><div class=\"fusion-text fusion-text-2\"><p>We, the SZ\u00c9F Team, are not only dedicated to folk music, folk dance and folk craft traditions, but our commitment has become our way of life, our everyday life. We do this with pleasure, once a year in a real festival atmosphere. With our events, we want to show how a folk art and folklore festival can be fun, relaxation, a professional development program and a real community experience at the same time, how a cultural event can be a bridge between and across generations.<\/p>\n<\/div><\/div><\/div><\/div><\/div><div id=\"intro\" class=\"fusion-container-anchor\"><div class=\"fusion-fullwidth fullwidth-box fusion-builder-row-2 fusion-flex-container nonhundred-percent-fullwidth non-hundred-percent-height-scrolling\" style=\"--awb-background-position:center top;--awb-border-sizes-top:0px;--awb-border-sizes-bottom:0px;--awb-border-sizes-left:0px;--awb-border-sizes-right:0px;--awb-border-color:var(--awb-color4);--awb-border-radius-top-left:0px;--awb-border-radius-top-right:0px;--awb-border-radius-bottom-right:0px;--awb-border-radius-bottom-left:0px;--awb-padding-top:0px;--awb-padding-bottom:0px;--awb-padding-top-medium:60px;--awb-padding-top-small:60px;--awb-padding-bottom-small:20px;--awb-margin-top:0px;--awb-margin-bottom:0px;--awb-flex-wrap:wrap;\" ><div class=\"fusion-builder-row fusion-row fusion-flex-align-items-center fusion-flex-content-wrap\" style=\"max-width:1216.8px;margin-left: calc(-4% \/ 2 );margin-right: calc(-4% \/ 2 );\"><div class=\"fusion-layout-column fusion_builder_column fusion-builder-column-2 fusion_builder_column_1_1 1_1 fusion-flex-column fusion-flex-align-self-flex-start fusion-animated\" style=\"--awb-bg-size:cover;--awb-width-large:100%;--awb-margin-top-large:20px;--awb-spacing-right-large:1.92%;--awb-margin-bottom-large:20px;--awb-spacing-left-large:1.92%;--awb-width-medium:40%;--awb-spacing-right-medium:4.8%;--awb-spacing-left-medium:9.6%;--awb-width-small:100%;--awb-order-small:0;--awb-spacing-right-small:1.92%;--awb-spacing-left-small:1.92%;\" data-animationtype=\"fadeInDown\" data-animationduration=\"1.0\" data-animationoffset=\"top-into-view\"><div class=\"fusion-column-wrapper fusion-column-has-shadow fusion-flex-justify-content-flex-start fusion-content-layout-column\"><div class=\"fusion-separator fusion-no-small-visibility fusion-no-medium-visibility fusion-full-width-sep\" style=\"align-self: center;margin-left: auto;margin-right: auto;margin-top:32px;margin-bottom:4%;width:100%;\"><\/div><div class=\"fusion-title title fusion-title-2 fusion-sep-none fusion-title-center fusion-title-text fusion-title-size-two\" style=\"--awb-margin-bottom:48px;--awb-margin-bottom-small:36px;--awb-font-size:2.8em;\"><h2 class=\"fusion-title-heading title-heading-center fusion-responsive-typography-calculated\" style=\"margin:0;font-size:1em;--fontSize:50.4;line-height:1.27;\">Dive in<\/p>\n<p>in the folk culture tour<\/p><\/h2><\/div><div style=\"text-align:center;\"><a class=\"fusion-button button-flat fusion-button-default-size button-default fusion-button-default button-1 fusion-button-default-span fusion-button-default-type\" target=\"_self\" href=\"https:\/\/szeffesztival.hu\/en\/programs\/\"><span class=\"fusion-button-text\">I&#039;ll check the program<\/span><i class=\"fa-arrow-right-solid button-icon-right\" aria-hidden=\"true\"><\/i><\/a><\/div><\/div><\/div><div class=\"fusion-layout-column fusion_builder_column fusion-builder-column-3 fusion_builder_column_1_2 1_2 fusion-flex-column\" style=\"--awb-bg-size:cover;--awb-width-large:50%;--awb-margin-top-large:20px;--awb-spacing-right-large:3.84%;--awb-margin-bottom-large:20px;--awb-spacing-left-large:3.84%;--awb-width-medium:50%;--awb-spacing-right-medium:3.84%;--awb-spacing-left-medium:3.84%;--awb-width-small:100%;--awb-order-small:3;--awb-spacing-right-small:1.92%;--awb-spacing-left-small:1.92%;\"><div class=\"fusion-column-wrapper fusion-column-has-shadow fusion-flex-justify-content-flex-start fusion-content-layout-column\"><div class=\"fusion-separator fusion-full-width-sep\" style=\"align-self: center;margin-left: auto;margin-right: auto;margin-top:100p;width:100%;\"><\/div><\/div><\/div><\/div><\/div><\/div><\/p>","protected":false},"excerpt":{"rendered":"","protected":false},"author":1,"featured_media":3652,"parent":0,"menu_order":0,"comment_status":"closed","ping_status":"closed","template":"100-width.php","meta":{"_monsterinsights_skip_tracking":false,"_monsterinsights_sitenote_active":false,"_monsterinsights_sitenote_note":"","_monsterinsights_sitenote_category":0,"footnotes":""},"class_list":["post-16","page","type-page","status-publish","has-post-thumbnail","hentry"],"yoast_head":"<!-- This site is optimized with the Yoast SEO plugin v27.4 - https:\/\/yoast.com\/product\/yoast-seo-wordpress\/ -->\n<title>R\u00f3lunk - SZ\u00c9F Fesztiv\u00e1l 2024<\/title>\n<meta name=\"description\" content=\"Kik vagyunk mi? Ismerkedj meg a fesztiv\u00e1lt szervez\u0151 SZ\u00c9F Kultur\u00e1lis \u00e9s N\u00e9pm\u0171v\u00e9szeti Egyes\u00fclet munk\u00e1j\u00e1val, c\u00e9ljainkkal!\" \/>\n<meta name=\"robots\" content=\"index, follow, max-snippet:-1, max-image-preview:large, max-video-preview:-1\" \/>\n<link rel=\"canonical\" href=\"https:\/\/szeffesztival.hu\/en\/about\/\" \/>\n<meta property=\"og:locale\" content=\"en_GB\" \/>\n<meta property=\"og:type\" content=\"article\" \/>\n<meta property=\"og:title\" content=\"R\u00f3lunk - SZ\u00c9F Fesztiv\u00e1l 2024\" \/>\n<meta property=\"og:description\" content=\"Kik vagyunk mi? Ismerkedj meg a fesztiv\u00e1lt szervez\u0151 SZ\u00c9F Kultur\u00e1lis \u00e9s N\u00e9pm\u0171v\u00e9szeti Egyes\u00fclet munk\u00e1j\u00e1val, c\u00e9ljainkkal!\" \/>\n<meta property=\"og:url\" content=\"https:\/\/szeffesztival.hu\/en\/about\/\" \/>\n<meta property=\"og:site_name\" content=\"SZ\u00c9F Fesztiv\u00e1l 2024\" \/>\n<meta property=\"article:publisher\" content=\"https:\/\/www.facebook.com\/szefesztival\" \/>\n<meta property=\"article:modified_time\" content=\"2024-07-03T16:28:49+00:00\" \/>\n<meta property=\"og:image\" content=\"https:\/\/szeffesztival.hu\/wp-content\/uploads\/2023\/03\/staff.jpeg\" \/>\n\t<meta property=\"og:image:width\" content=\"1989\" \/>\n\t<meta property=\"og:image:height\" content=\"927\" \/>\n\t<meta property=\"og:image:type\" content=\"image\/jpeg\" \/>\n<meta name=\"twitter:card\" content=\"summary_large_image\" \/>\n<meta name=\"twitter:label1\" content=\"Estimated reading time\" \/>\n\t<meta name=\"twitter:data1\" content=\"4 minutes\" \/>\n<script type=\"application\/ld+json\" class=\"yoast-schema-graph\">{\"@context\":\"https:\\\/\\\/schema.org\",\"@graph\":[{\"@type\":\"WebPage\",\"@id\":\"https:\\\/\\\/szeffesztival.hu\\\/about\\\/\",\"url\":\"https:\\\/\\\/szeffesztival.hu\\\/about\\\/\",\"name\":\"R\u00f3lunk - SZ\u00c9F Fesztiv\u00e1l 2024\",\"isPartOf\":{\"@id\":\"https:\\\/\\\/szeffesztival.hu\\\/#website\"},\"primaryImageOfPage\":{\"@id\":\"https:\\\/\\\/szeffesztival.hu\\\/about\\\/#primaryimage\"},\"image\":{\"@id\":\"https:\\\/\\\/szeffesztival.hu\\\/about\\\/#primaryimage\"},\"thumbnailUrl\":\"https:\\\/\\\/szeffesztival.hu\\\/wp-content\\\/uploads\\\/2023\\\/03\\\/staff.jpeg\",\"datePublished\":\"2019-10-10T17:31:20+00:00\",\"dateModified\":\"2024-07-03T16:28:49+00:00\",\"description\":\"Kik vagyunk mi? Ismerkedj meg a fesztiv\u00e1lt szervez\u0151 SZ\u00c9F Kultur\u00e1lis \u00e9s N\u00e9pm\u0171v\u00e9szeti Egyes\u00fclet munk\u00e1j\u00e1val, c\u00e9ljainkkal!\",\"breadcrumb\":{\"@id\":\"https:\\\/\\\/szeffesztival.hu\\\/about\\\/#breadcrumb\"},\"inLanguage\":\"en-GB\",\"potentialAction\":[{\"@type\":\"ReadAction\",\"target\":[\"https:\\\/\\\/szeffesztival.hu\\\/about\\\/\"]}]},{\"@type\":\"ImageObject\",\"inLanguage\":\"en-GB\",\"@id\":\"https:\\\/\\\/szeffesztival.hu\\\/about\\\/#primaryimage\",\"url\":\"https:\\\/\\\/szeffesztival.hu\\\/wp-content\\\/uploads\\\/2023\\\/03\\\/staff.jpeg\",\"contentUrl\":\"https:\\\/\\\/szeffesztival.hu\\\/wp-content\\\/uploads\\\/2023\\\/03\\\/staff.jpeg\",\"width\":1989,\"height\":927},{\"@type\":\"BreadcrumbList\",\"@id\":\"https:\\\/\\\/szeffesztival.hu\\\/about\\\/#breadcrumb\",\"itemListElement\":[{\"@type\":\"ListItem\",\"position\":1,\"name\":\"Kezd\u0151lap\",\"item\":\"https:\\\/\\\/szeffesztival.hu\\\/\"},{\"@type\":\"ListItem\",\"position\":2,\"name\":\"R\u00f3lunk\"}]},{\"@type\":\"WebSite\",\"@id\":\"https:\\\/\\\/szeffesztival.hu\\\/#website\",\"url\":\"https:\\\/\\\/szeffesztival.hu\\\/\",\"name\":\"SZ\u00c9F Fesztiv\u00e1l 2024\",\"description\":\"\",\"publisher\":{\"@id\":\"https:\\\/\\\/szeffesztival.hu\\\/#organization\"},\"potentialAction\":[{\"@type\":\"SearchAction\",\"target\":{\"@type\":\"EntryPoint\",\"urlTemplate\":\"https:\\\/\\\/szeffesztival.hu\\\/?s={search_term_string}\"},\"query-input\":{\"@type\":\"PropertyValueSpecification\",\"valueRequired\":true,\"valueName\":\"search_term_string\"}}],\"inLanguage\":\"en-GB\"},{\"@type\":\"Organization\",\"@id\":\"https:\\\/\\\/szeffesztival.hu\\\/#organization\",\"name\":\"SZ\u00c9F Fesztiv\u00e1l 2024\",\"url\":\"https:\\\/\\\/szeffesztival.hu\\\/\",\"logo\":{\"@type\":\"ImageObject\",\"inLanguage\":\"en-GB\",\"@id\":\"https:\\\/\\\/szeffesztival.hu\\\/#\\\/schema\\\/logo\\\/image\\\/\",\"url\":\"https:\\\/\\\/szeffesztival.hu\\\/wp-content\\\/uploads\\\/2023\\\/03\\\/cropped-logo.png\",\"contentUrl\":\"https:\\\/\\\/szeffesztival.hu\\\/wp-content\\\/uploads\\\/2023\\\/03\\\/cropped-logo.png\",\"width\":512,\"height\":512,\"caption\":\"SZ\u00c9F Fesztiv\u00e1l 2024\"},\"image\":{\"@id\":\"https:\\\/\\\/szeffesztival.hu\\\/#\\\/schema\\\/logo\\\/image\\\/\"},\"sameAs\":[\"https:\\\/\\\/www.facebook.com\\\/szefesztival\",\"https:\\\/\\\/www.instagram.com\\\/szeffesztival\\\/\"]}]}<\/script>\n<!-- \/ Yoast SEO plugin. -->","yoast_head_json":{"title":"About us - SZ\u00c9F Festival 2024","description":"Who are we? Get to know the work and goals of the SZ\u00c9F Cultural and Folk Art Association, which organizes the festival!","robots":{"index":"index","follow":"follow","max-snippet":"max-snippet:-1","max-image-preview":"max-image-preview:large","max-video-preview":"max-video-preview:-1"},"canonical":"https:\/\/szeffesztival.hu\/en\/about\/","og_locale":"en_GB","og_type":"article","og_title":"R\u00f3lunk - SZ\u00c9F Fesztiv\u00e1l 2024","og_description":"Kik vagyunk mi? Ismerkedj meg a fesztiv\u00e1lt szervez\u0151 SZ\u00c9F Kultur\u00e1lis \u00e9s N\u00e9pm\u0171v\u00e9szeti Egyes\u00fclet munk\u00e1j\u00e1val, c\u00e9ljainkkal!","og_url":"https:\/\/szeffesztival.hu\/en\/about\/","og_site_name":"SZ\u00c9F Fesztiv\u00e1l 2024","article_publisher":"https:\/\/www.facebook.com\/szefesztival","article_modified_time":"2024-07-03T16:28:49+00:00","og_image":[{"width":1989,"height":927,"url":"https:\/\/szeffesztival.hu\/wp-content\/uploads\/2023\/03\/staff.jpeg","type":"image\/jpeg"}],"twitter_card":"summary_large_image","twitter_misc":{"Estimated reading time":"4 minutes"},"schema":{"@context":"https:\/\/schema.org","@graph":[{"@type":"WebPage","@id":"https:\/\/szeffesztival.hu\/about\/","url":"https:\/\/szeffesztival.hu\/about\/","name":"About us - SZ\u00c9F Festival 2024","isPartOf":{"@id":"https:\/\/szeffesztival.hu\/#website"},"primaryImageOfPage":{"@id":"https:\/\/szeffesztival.hu\/about\/#primaryimage"},"image":{"@id":"https:\/\/szeffesztival.hu\/about\/#primaryimage"},"thumbnailUrl":"https:\/\/szeffesztival.hu\/wp-content\/uploads\/2023\/03\/staff.jpeg","datePublished":"2019-10-10T17:31:20+00:00","dateModified":"2024-07-03T16:28:49+00:00","description":"Who are we? Get to know the work and goals of the SZ\u00c9F Cultural and Folk Art Association, which organizes the festival!","breadcrumb":{"@id":"https:\/\/szeffesztival.hu\/about\/#breadcrumb"},"inLanguage":"en-GB","potentialAction":[{"@type":"ReadAction","target":["https:\/\/szeffesztival.hu\/about\/"]}]},{"@type":"ImageObject","inLanguage":"en-GB","@id":"https:\/\/szeffesztival.hu\/about\/#primaryimage","url":"https:\/\/szeffesztival.hu\/wp-content\/uploads\/2023\/03\/staff.jpeg","contentUrl":"https:\/\/szeffesztival.hu\/wp-content\/uploads\/2023\/03\/staff.jpeg","width":1989,"height":927},{"@type":"BreadcrumbList","@id":"https:\/\/szeffesztival.hu\/about\/#breadcrumb","itemListElement":[{"@type":"ListItem","position":1,"name":"Kezd\u0151lap","item":"https:\/\/szeffesztival.hu\/"},{"@type":"ListItem","position":2,"name":"R\u00f3lunk"}]},{"@type":"WebSite","@id":"https:\/\/szeffesztival.hu\/#website","url":"https:\/\/szeffesztival.hu\/","name":"SZ\u00c9F Festival 2024","description":"","publisher":{"@id":"https:\/\/szeffesztival.hu\/#organization"},"potentialAction":[{"@type":"SearchAction","target":{"@type":"EntryPoint","urlTemplate":"https:\/\/szeffesztival.hu\/?s={search_term_string}"},"query-input":{"@type":"PropertyValueSpecification","valueRequired":true,"valueName":"search_term_string"}}],"inLanguage":"en-GB"},{"@type":"Organization","@id":"https:\/\/szeffesztival.hu\/#organization","name":"SZ\u00c9F Festival 2024","url":"https:\/\/szeffesztival.hu\/","logo":{"@type":"ImageObject","inLanguage":"en-GB","@id":"https:\/\/szeffesztival.hu\/#\/schema\/logo\/image\/","url":"https:\/\/szeffesztival.hu\/wp-content\/uploads\/2023\/03\/cropped-logo.png","contentUrl":"https:\/\/szeffesztival.hu\/wp-content\/uploads\/2023\/03\/cropped-logo.png","width":512,"height":512,"caption":"SZ\u00c9F Fesztiv\u00e1l 2024"},"image":{"@id":"https:\/\/szeffesztival.hu\/#\/schema\/logo\/image\/"},"sameAs":["https:\/\/www.facebook.com\/szefesztival","https:\/\/www.instagram.com\/szeffesztival\/"]}]}},"_links":{"self":[{"href":"https:\/\/szeffesztival.hu\/en\/wp-json\/wp\/v2\/pages\/16","targetHints":{"allow":["GET"]}}],"collection":[{"href":"https:\/\/szeffesztival.hu\/en\/wp-json\/wp\/v2\/pages"}],"about":[{"href":"https:\/\/szeffesztival.hu\/en\/wp-json\/wp\/v2\/types\/page"}],"author":[{"embeddable":true,"href":"https:\/\/szeffesztival.hu\/en\/wp-json\/wp\/v2\/users\/1"}],"replies":[{"embeddable":true,"href":"https:\/\/szeffesztival.hu\/en\/wp-json\/wp\/v2\/comments?post=16"}],"version-history":[{"count":11,"href":"https:\/\/szeffesztival.hu\/en\/wp-json\/wp\/v2\/pages\/16\/revisions"}],"predecessor-version":[{"id":4591,"href":"https:\/\/szeffesztival.hu\/en\/wp-json\/wp\/v2\/pages\/16\/revisions\/4591"}],"wp:featuredmedia":[{"embeddable":true,"href":"https:\/\/szeffesztival.hu\/en\/wp-json\/wp\/v2\/media\/3652"}],"wp:attachment":[{"href":"https:\/\/szeffesztival.hu\/en\/wp-json\/wp\/v2\/media?parent=16"}],"curies":[{"name":"wp","href":"https:\/\/api.w.org\/{rel}","templated":true}]}}