{"id":12,"date":"2019-10-10T17:29:31","date_gmt":"2019-10-10T16:29:31","guid":{"rendered":"https:\/\/szeffesztival.hu\/?page_id=12"},"modified":"2024-08-09T00:47:38","modified_gmt":"2024-08-08T22:47:38","slug":"accommodation","status":"publish","type":"page","link":"https:\/\/szeffesztival.hu\/de\/accommodation\/","title":{"rendered":"Unterkunft"},"content":{"rendered":"<p><div class=\"fusion-fullwidth fullwidth-box fusion-builder-row-1 fusion-flex-container nonhundred-percent-fullwidth non-hundred-percent-height-scrolling\" style=\"--awb-background-repeat:repeat;--awb-border-radius-top-left:0px;--awb-border-radius-top-right:0px;--awb-border-radius-bottom-right:0px;--awb-border-radius-bottom-left:0px;--awb-padding-top:4%;--awb-padding-bottom:4%;--awb-padding-top-small:0px;--awb-flex-wrap:wrap;\" ><div class=\"fusion-builder-row fusion-row fusion-flex-align-items-center fusion-flex-justify-content-center fusion-flex-content-wrap\" style=\"max-width:1216.8px;margin-left: calc(-4% \/ 2 );margin-right: calc(-4% \/ 2 );\"><div class=\"fusion-layout-column fusion_builder_column fusion-builder-column-0 fusion_builder_column_1_1 1_1 fusion-flex-column\" style=\"--awb-bg-size:cover;--awb-width-large:100%;--awb-margin-top-large:20px;--awb-spacing-right-large:1.92%;--awb-margin-bottom-large:20px;--awb-spacing-left-large:1.92%;--awb-width-medium:100%;--awb-order-medium:0;--awb-spacing-right-medium:1.92%;--awb-spacing-left-medium:1.92%;--awb-width-small:100%;--awb-order-small:0;--awb-spacing-right-small:1.92%;--awb-spacing-left-small:1.92%;\"><div class=\"fusion-column-wrapper fusion-column-has-shadow fusion-flex-justify-content-flex-start fusion-content-layout-column\"><div class=\"fusion-title title fusion-title-1 fusion-sep-none fusion-title-text fusion-title-size-one\"><h1 class=\"fusion-title-heading title-heading-left fusion-responsive-typography-calculated\" style=\"margin:0;--fontSize:86.4;line-height:var(--awb-typography1-line-height);\"><\/h1><\/div><\/div><\/div><div class=\"fusion-layout-column fusion_builder_column fusion-builder-column-1 fusion_builder_column_2_3 2_3 fusion-flex-column fusion-animated\" style=\"--awb-bg-size:cover;--awb-width-large:66.666666666667%;--awb-margin-top-large:20px;--awb-spacing-right-large:9.936%;--awb-margin-bottom-large:20px;--awb-spacing-left-large:4.32%;--awb-width-medium:40%;--awb-spacing-right-medium:9.6%;--awb-spacing-left-medium:4.8%;--awb-width-small:100%;--awb-order-small:1;--awb-margin-top-small:0px;--awb-spacing-right-small:1.92%;--awb-spacing-left-small:1.92%;\" data-animationtype=\"fadeInLeft\" data-animationduration=\"1.0\" data-animationoffset=\"top-into-view\"><div class=\"fusion-column-wrapper fusion-column-has-shadow fusion-flex-justify-content-space-around fusion-content-layout-column\"><div class=\"fusion-text fusion-text-1\"><p>Sie reisen quer durchs Land, um drei Tage gemeinsam mit Ihren Freunden zu verbringen und haben noch keine Unterkunft? <br \/><span style=\"color: var(--awb-text-color); font-family: var(--awb-text-font-family); font-size: var(--awb-font-size); font-style: var(--awb-text-font-style); font-weight: var(--awb-text-font-weight); letter-spacing: var(--awb-letter-spacing); text-align: var(--awb-content-alignment); text-transform: var(--awb-text-transform); background-color: var(--awb-bg-color);\">Wir helfen Ihnen bei der Suche nach einer Unterkunft f\u00fcr die Dauer des Festivals, 20 Gehminuten von B\u00e9ke Strand entfernt <a href=\"https:\/\/www.varosgondnoksag.hu\/velencei-gyermek-es-ifjusagi-tabor-1\">im Jugendcamp Venedig.<\/a> <br \/>Reservierungen: <a href=\"mailto:szallas@szeffesztival.hu\">szallas@szeffesztival.hu<\/a><\/span><\/p>\n<p>&nbsp;<\/p>\n<\/div><div style=\"text-align:center;\"><a class=\"fusion-button button-flat fusion-button-default-size button-default fusion-button-default button-1 fusion-button-default-span fusion-button-default-type\" target=\"_blank\" rel=\"noopener noreferrer\" href=\"https:\/\/tixa.hu\/szef23\"><span class=\"fusion-button-text\">Ticketkauf<\/span><\/a><\/div><\/div><\/div><div class=\"fusion-layout-column fusion_builder_column fusion-builder-column-2 fusion_builder_column_1_3 1_3 fusion-flex-column fusion-animated\" style=\"--awb-bg-size:cover;--awb-width-large:33.333333333333%;--awb-margin-top-large:0px;--awb-spacing-right-large:8.352%;--awb-margin-bottom-large:0px;--awb-spacing-left-large:11.52%;--awb-width-medium:40%;--awb-spacing-right-medium:9.6%;--awb-spacing-left-medium:4.8%;--awb-width-small:100%;--awb-order-small:0;--awb-margin-top-small:0px;--awb-spacing-right-small:1.92%;--awb-spacing-left-small:1.92%;\" data-animationtype=\"fadeInLeft\" data-animationduration=\"1.0\" data-animationoffset=\"top-into-view\"><div class=\"fusion-column-wrapper fusion-column-has-shadow fusion-flex-justify-content-center fusion-content-layout-column\"><div class=\"fusion-image-element\" style=\"--awb-caption-title-font-family:var(--h2_typography-font-family);--awb-caption-title-font-weight:var(--h2_typography-font-weight);--awb-caption-title-font-style:var(--h2_typography-font-style);--awb-caption-title-size:var(--h2_typography-font-size);--awb-caption-title-transform:var(--h2_typography-text-transform);--awb-caption-title-line-height:var(--h2_typography-line-height);--awb-caption-title-letter-spacing:var(--h2_typography-letter-spacing);\"><span class=\"fusion-imageframe imageframe-none imageframe-1 hover-type-none\"><img decoding=\"async\" width=\"1812\" height=\"1737\" title=\"draw_sator-23\" src=\"https:\/\/szeffesztival.hu\/wp-content\/uploads\/2023\/03\/rajz_sator-23.png\" data-orig-src=\"http:\/\/szeffesztival.hu\/wp-content\/uploads\/2023\/03\/rajz_sator-23.png\" alt class=\"lazyload img-responsive wp-image-3926\" srcset=\"data:image\/svg+xml,%3Csvg%20xmlns%3D%27http%3A%2F%2Fwww.w3.org%2F2000%2Fsvg%27%20width%3D%271812%27%20height%3D%271737%27%20viewBox%3D%270%200%201812%201737%27%3E%3Crect%20width%3D%271812%27%20height%3D%271737%27%20fill-opacity%3D%220%22%2F%3E%3C%2Fsvg%3E\" data-srcset=\"https:\/\/szeffesztival.hu\/wp-content\/uploads\/2023\/03\/rajz_sator-23-200x192.png 200w, https:\/\/szeffesztival.hu\/wp-content\/uploads\/2023\/03\/rajz_sator-23-400x383.png 400w, https:\/\/szeffesztival.hu\/wp-content\/uploads\/2023\/03\/rajz_sator-23-600x575.png 600w, https:\/\/szeffesztival.hu\/wp-content\/uploads\/2023\/03\/rajz_sator-23-800x767.png 800w, https:\/\/szeffesztival.hu\/wp-content\/uploads\/2023\/03\/rajz_sator-23-1200x1150.png 1200w, https:\/\/szeffesztival.hu\/wp-content\/uploads\/2023\/03\/rajz_sator-23.png 1812w\" data-sizes=\"auto\" data-orig-sizes=\"(max-width: 1024px) 100vw, (max-width: 640px) 100vw, 400px\" \/><\/span><\/div><\/div><\/div><\/div><\/div><\/p>","protected":false},"excerpt":{"rendered":"","protected":false},"author":1,"featured_media":3656,"parent":0,"menu_order":0,"comment_status":"closed","ping_status":"closed","template":"100-width.php","meta":{"_monsterinsights_skip_tracking":false,"_monsterinsights_sitenote_active":false,"_monsterinsights_sitenote_note":"","_monsterinsights_sitenote_category":0,"footnotes":""},"class_list":["post-12","page","type-page","status-publish","has-post-thumbnail","hentry"],"yoast_head":"<!-- This site is optimized with the Yoast SEO plugin v27.3 - https:\/\/yoast.com\/product\/yoast-seo-wordpress\/ -->\n<title>Sz\u00e1ll\u00e1s - SZ\u00c9F Fesztiv\u00e1l 2024<\/title>\n<meta name=\"description\" content=\"A SZ\u00c9F Fesztiv\u00e1l helysz\u00edn\u00e9n s\u00e1traz\u00e1si lehet\u0151s\u00e9get biztos\u00edtunk a SZ\u00c9F-Kempingben! Tov\u00e1bbi sz\u00e1ll\u00e1sokat is aj\u00e1nlunk a k\u00f6rny\u00e9ken!\" \/>\n<meta name=\"robots\" content=\"index, follow, max-snippet:-1, max-image-preview:large, max-video-preview:-1\" \/>\n<link rel=\"canonical\" href=\"https:\/\/szeffesztival.hu\/de\/accommodation\/\" \/>\n<meta property=\"og:locale\" content=\"de_DE\" \/>\n<meta property=\"og:type\" content=\"article\" \/>\n<meta property=\"og:title\" content=\"Sz\u00e1ll\u00e1s - SZ\u00c9F Fesztiv\u00e1l 2024\" \/>\n<meta property=\"og:description\" content=\"A SZ\u00c9F Fesztiv\u00e1l helysz\u00edn\u00e9n s\u00e1traz\u00e1si lehet\u0151s\u00e9get biztos\u00edtunk a SZ\u00c9F-Kempingben! Tov\u00e1bbi sz\u00e1ll\u00e1sokat is aj\u00e1nlunk a k\u00f6rny\u00e9ken!\" \/>\n<meta property=\"og:url\" content=\"https:\/\/szeffesztival.hu\/de\/accommodation\/\" \/>\n<meta property=\"og:site_name\" content=\"SZ\u00c9F Fesztiv\u00e1l 2024\" \/>\n<meta property=\"article:publisher\" content=\"https:\/\/www.facebook.com\/szefesztival\" \/>\n<meta property=\"article:modified_time\" content=\"2024-08-08T22:47:38+00:00\" \/>\n<meta property=\"og:image\" content=\"https:\/\/szeffesztival.hu\/wp-content\/uploads\/2023\/03\/295753925_594423612386791_598809767166726577_n.jpeg\" \/>\n\t<meta property=\"og:image:width\" content=\"2000\" \/>\n\t<meta property=\"og:image:height\" content=\"1239\" \/>\n\t<meta property=\"og:image:type\" content=\"image\/jpeg\" \/>\n<meta name=\"twitter:card\" content=\"summary_large_image\" \/>\n<meta name=\"twitter:label1\" content=\"Gesch\u00e4tzte Lesezeit\" \/>\n\t<meta name=\"twitter:data1\" content=\"4\u00a0Minuten\" \/>\n<script type=\"application\/ld+json\" class=\"yoast-schema-graph\">{\"@context\":\"https:\\\/\\\/schema.org\",\"@graph\":[{\"@type\":\"WebPage\",\"@id\":\"https:\\\/\\\/szeffesztival.hu\\\/accommodation\\\/\",\"url\":\"https:\\\/\\\/szeffesztival.hu\\\/accommodation\\\/\",\"name\":\"Sz\u00e1ll\u00e1s - SZ\u00c9F Fesztiv\u00e1l 2024\",\"isPartOf\":{\"@id\":\"https:\\\/\\\/szeffesztival.hu\\\/#website\"},\"primaryImageOfPage\":{\"@id\":\"https:\\\/\\\/szeffesztival.hu\\\/accommodation\\\/#primaryimage\"},\"image\":{\"@id\":\"https:\\\/\\\/szeffesztival.hu\\\/accommodation\\\/#primaryimage\"},\"thumbnailUrl\":\"https:\\\/\\\/szeffesztival.hu\\\/wp-content\\\/uploads\\\/2023\\\/03\\\/295753925_594423612386791_598809767166726577_n.jpeg\",\"datePublished\":\"2019-10-10T16:29:31+00:00\",\"dateModified\":\"2024-08-08T22:47:38+00:00\",\"description\":\"A SZ\u00c9F Fesztiv\u00e1l helysz\u00edn\u00e9n s\u00e1traz\u00e1si lehet\u0151s\u00e9get biztos\u00edtunk a SZ\u00c9F-Kempingben! Tov\u00e1bbi sz\u00e1ll\u00e1sokat is aj\u00e1nlunk a k\u00f6rny\u00e9ken!\",\"breadcrumb\":{\"@id\":\"https:\\\/\\\/szeffesztival.hu\\\/accommodation\\\/#breadcrumb\"},\"inLanguage\":\"de\",\"potentialAction\":[{\"@type\":\"ReadAction\",\"target\":[\"https:\\\/\\\/szeffesztival.hu\\\/accommodation\\\/\"]}]},{\"@type\":\"ImageObject\",\"inLanguage\":\"de\",\"@id\":\"https:\\\/\\\/szeffesztival.hu\\\/accommodation\\\/#primaryimage\",\"url\":\"https:\\\/\\\/szeffesztival.hu\\\/wp-content\\\/uploads\\\/2023\\\/03\\\/295753925_594423612386791_598809767166726577_n.jpeg\",\"contentUrl\":\"https:\\\/\\\/szeffesztival.hu\\\/wp-content\\\/uploads\\\/2023\\\/03\\\/295753925_594423612386791_598809767166726577_n.jpeg\",\"width\":2000,\"height\":1239},{\"@type\":\"BreadcrumbList\",\"@id\":\"https:\\\/\\\/szeffesztival.hu\\\/accommodation\\\/#breadcrumb\",\"itemListElement\":[{\"@type\":\"ListItem\",\"position\":1,\"name\":\"Kezd\u0151lap\",\"item\":\"https:\\\/\\\/szeffesztival.hu\\\/\"},{\"@type\":\"ListItem\",\"position\":2,\"name\":\"Sz\u00e1ll\u00e1s\"}]},{\"@type\":\"WebSite\",\"@id\":\"https:\\\/\\\/szeffesztival.hu\\\/#website\",\"url\":\"https:\\\/\\\/szeffesztival.hu\\\/\",\"name\":\"SZ\u00c9F Fesztiv\u00e1l 2024\",\"description\":\"\",\"publisher\":{\"@id\":\"https:\\\/\\\/szeffesztival.hu\\\/#organization\"},\"potentialAction\":[{\"@type\":\"SearchAction\",\"target\":{\"@type\":\"EntryPoint\",\"urlTemplate\":\"https:\\\/\\\/szeffesztival.hu\\\/?s={search_term_string}\"},\"query-input\":{\"@type\":\"PropertyValueSpecification\",\"valueRequired\":true,\"valueName\":\"search_term_string\"}}],\"inLanguage\":\"de\"},{\"@type\":\"Organization\",\"@id\":\"https:\\\/\\\/szeffesztival.hu\\\/#organization\",\"name\":\"SZ\u00c9F Fesztiv\u00e1l 2024\",\"url\":\"https:\\\/\\\/szeffesztival.hu\\\/\",\"logo\":{\"@type\":\"ImageObject\",\"inLanguage\":\"de\",\"@id\":\"https:\\\/\\\/szeffesztival.hu\\\/#\\\/schema\\\/logo\\\/image\\\/\",\"url\":\"https:\\\/\\\/szeffesztival.hu\\\/wp-content\\\/uploads\\\/2023\\\/03\\\/cropped-logo.png\",\"contentUrl\":\"https:\\\/\\\/szeffesztival.hu\\\/wp-content\\\/uploads\\\/2023\\\/03\\\/cropped-logo.png\",\"width\":512,\"height\":512,\"caption\":\"SZ\u00c9F Fesztiv\u00e1l 2024\"},\"image\":{\"@id\":\"https:\\\/\\\/szeffesztival.hu\\\/#\\\/schema\\\/logo\\\/image\\\/\"},\"sameAs\":[\"https:\\\/\\\/www.facebook.com\\\/szefesztival\",\"https:\\\/\\\/www.instagram.com\\\/szeffesztival\\\/\"]}]}<\/script>\n<!-- \/ Yoast SEO plugin. -->","yoast_head_json":{"title":"Unterkunft - SZ\u00c9F Festival 2024","description":"Wir bieten Zeltcamping am SZ\u00c9F-Festivalgel\u00e4nde im SZ\u00c9F-Kemping an! Wir empfehlen auch andere Unterk\u00fcnfte in der Umgebung!","robots":{"index":"index","follow":"follow","max-snippet":"max-snippet:-1","max-image-preview":"max-image-preview:large","max-video-preview":"max-video-preview:-1"},"canonical":"https:\/\/szeffesztival.hu\/de\/accommodation\/","og_locale":"de_DE","og_type":"article","og_title":"Sz\u00e1ll\u00e1s - SZ\u00c9F Fesztiv\u00e1l 2024","og_description":"A SZ\u00c9F Fesztiv\u00e1l helysz\u00edn\u00e9n s\u00e1traz\u00e1si lehet\u0151s\u00e9get biztos\u00edtunk a SZ\u00c9F-Kempingben! Tov\u00e1bbi sz\u00e1ll\u00e1sokat is aj\u00e1nlunk a k\u00f6rny\u00e9ken!","og_url":"https:\/\/szeffesztival.hu\/de\/accommodation\/","og_site_name":"SZ\u00c9F Fesztiv\u00e1l 2024","article_publisher":"https:\/\/www.facebook.com\/szefesztival","article_modified_time":"2024-08-08T22:47:38+00:00","og_image":[{"width":2000,"height":1239,"url":"https:\/\/szeffesztival.hu\/wp-content\/uploads\/2023\/03\/295753925_594423612386791_598809767166726577_n.jpeg","type":"image\/jpeg"}],"twitter_card":"summary_large_image","twitter_misc":{"Gesch\u00e4tzte Lesezeit":"4\u00a0Minuten"},"schema":{"@context":"https:\/\/schema.org","@graph":[{"@type":"WebPage","@id":"https:\/\/szeffesztival.hu\/accommodation\/","url":"https:\/\/szeffesztival.hu\/accommodation\/","name":"Unterkunft - SZ\u00c9F Festival 2024","isPartOf":{"@id":"https:\/\/szeffesztival.hu\/#website"},"primaryImageOfPage":{"@id":"https:\/\/szeffesztival.hu\/accommodation\/#primaryimage"},"image":{"@id":"https:\/\/szeffesztival.hu\/accommodation\/#primaryimage"},"thumbnailUrl":"https:\/\/szeffesztival.hu\/wp-content\/uploads\/2023\/03\/295753925_594423612386791_598809767166726577_n.jpeg","datePublished":"2019-10-10T16:29:31+00:00","dateModified":"2024-08-08T22:47:38+00:00","description":"Wir bieten Zeltcamping am SZ\u00c9F-Festivalgel\u00e4nde im SZ\u00c9F-Kemping an! Wir empfehlen auch andere Unterk\u00fcnfte in der Umgebung!","breadcrumb":{"@id":"https:\/\/szeffesztival.hu\/accommodation\/#breadcrumb"},"inLanguage":"de","potentialAction":[{"@type":"ReadAction","target":["https:\/\/szeffesztival.hu\/accommodation\/"]}]},{"@type":"ImageObject","inLanguage":"de","@id":"https:\/\/szeffesztival.hu\/accommodation\/#primaryimage","url":"https:\/\/szeffesztival.hu\/wp-content\/uploads\/2023\/03\/295753925_594423612386791_598809767166726577_n.jpeg","contentUrl":"https:\/\/szeffesztival.hu\/wp-content\/uploads\/2023\/03\/295753925_594423612386791_598809767166726577_n.jpeg","width":2000,"height":1239},{"@type":"BreadcrumbList","@id":"https:\/\/szeffesztival.hu\/accommodation\/#breadcrumb","itemListElement":[{"@type":"ListItem","position":1,"name":"Kezd\u0151lap","item":"https:\/\/szeffesztival.hu\/"},{"@type":"ListItem","position":2,"name":"Sz\u00e1ll\u00e1s"}]},{"@type":"WebSite","@id":"https:\/\/szeffesztival.hu\/#website","url":"https:\/\/szeffesztival.hu\/","name":"SZ\u00c9F Festival 2024","description":"","publisher":{"@id":"https:\/\/szeffesztival.hu\/#organization"},"potentialAction":[{"@type":"SearchAction","target":{"@type":"EntryPoint","urlTemplate":"https:\/\/szeffesztival.hu\/?s={search_term_string}"},"query-input":{"@type":"PropertyValueSpecification","valueRequired":true,"valueName":"search_term_string"}}],"inLanguage":"de"},{"@type":"Organization","@id":"https:\/\/szeffesztival.hu\/#organization","name":"SZ\u00c9F Festival 2024","url":"https:\/\/szeffesztival.hu\/","logo":{"@type":"ImageObject","inLanguage":"de","@id":"https:\/\/szeffesztival.hu\/#\/schema\/logo\/image\/","url":"https:\/\/szeffesztival.hu\/wp-content\/uploads\/2023\/03\/cropped-logo.png","contentUrl":"https:\/\/szeffesztival.hu\/wp-content\/uploads\/2023\/03\/cropped-logo.png","width":512,"height":512,"caption":"SZ\u00c9F Fesztiv\u00e1l 2024"},"image":{"@id":"https:\/\/szeffesztival.hu\/#\/schema\/logo\/image\/"},"sameAs":["https:\/\/www.facebook.com\/szefesztival","https:\/\/www.instagram.com\/szeffesztival\/"]}]}},"_links":{"self":[{"href":"https:\/\/szeffesztival.hu\/de\/wp-json\/wp\/v2\/pages\/12","targetHints":{"allow":["GET"]}}],"collection":[{"href":"https:\/\/szeffesztival.hu\/de\/wp-json\/wp\/v2\/pages"}],"about":[{"href":"https:\/\/szeffesztival.hu\/de\/wp-json\/wp\/v2\/types\/page"}],"author":[{"embeddable":true,"href":"https:\/\/szeffesztival.hu\/de\/wp-json\/wp\/v2\/users\/1"}],"replies":[{"embeddable":true,"href":"https:\/\/szeffesztival.hu\/de\/wp-json\/wp\/v2\/comments?post=12"}],"version-history":[{"count":46,"href":"https:\/\/szeffesztival.hu\/de\/wp-json\/wp\/v2\/pages\/12\/revisions"}],"predecessor-version":[{"id":4804,"href":"https:\/\/szeffesztival.hu\/de\/wp-json\/wp\/v2\/pages\/12\/revisions\/4804"}],"wp:featuredmedia":[{"embeddable":true,"href":"https:\/\/szeffesztival.hu\/de\/wp-json\/wp\/v2\/media\/3656"}],"wp:attachment":[{"href":"https:\/\/szeffesztival.hu\/de\/wp-json\/wp\/v2\/media?parent=12"}],"curies":[{"name":"wp","href":"https:\/\/api.w.org\/{rel}","templated":true}]}}